{"id":823,"date":"2023-03-12T19:30:04","date_gmt":"2023-03-13T00:30:04","guid":{"rendered":"https:\/\/louddesarrollo.xyz\/bioquintas-nueva\/?page_id=823"},"modified":"2025-04-23T16:47:42","modified_gmt":"2025-04-23T21:47:42","slug":"contactenos","status":"publish","type":"page","link":"https:\/\/bioquintas.com\/en\/contactenos\/","title":{"rendered":"CONTACT US"},"content":{"rendered":"<div data-elementor-type=\"wp-page\" data-elementor-id=\"823\" class=\"elementor elementor-823\">\n\t\t\t\t\t\t<section class=\"elementor-section elementor-top-section elementor-element elementor-element-7f97079 elementor-section-height-min-height elementor-section-boxed elementor-section-height-default elementor-section-items-middle\" data-id=\"7f97079\" data-element_type=\"section\" data-settings=\"{&quot;background_background&quot;:&quot;classic&quot;}\">\n\t\t\t\t\t\t\t<div class=\"elementor-background-overlay\"><\/div>\n\t\t\t\t\t\t\t<div class=\"elementor-container elementor-column-gap-no\">\n\t\t\t\t\t<div class=\"elementor-column elementor-col-100 elementor-top-column elementor-element elementor-element-6579bb6\" data-id=\"6579bb6\" data-element_type=\"column\">\n\t\t\t<div class=\"elementor-widget-wrap elementor-element-populated\">\n\t\t\t\t\t\t<div class=\"elementor-element elementor-element-704fda8 elementor-widget elementor-widget-heading\" data-id=\"704fda8\" data-element_type=\"widget\" data-widget_type=\"heading.default\">\n\t\t\t\t<div class=\"elementor-widget-container\">\n\t\t\t\t\t<h1 class=\"elementor-heading-title elementor-size-default\">CONTACT US<\/h1>\t\t\t\t<\/div>\n\t\t\t\t<\/div>\n\t\t\t\t<div class=\"elementor-element elementor-element-8a650e1 elementor-widget__width-initial elementor-widget elementor-widget-text-editor\" data-id=\"8a650e1\" data-element_type=\"widget\" data-widget_type=\"text-editor.default\">\n\t\t\t\t<div class=\"elementor-widget-container\">\n\t\t\t\t\t\t\t\t\t<p>Schedule your appointment and learn all the information to make your best investment and start a new story!<\/p>\t\t\t\t\t\t\t\t<\/div>\n\t\t\t\t<\/div>\n\t\t\t\t\t<\/div>\n\t\t<\/div>\n\t\t\t\t\t<\/div>\n\t\t<\/section>\n\t\t\t\t<section class=\"elementor-section elementor-top-section elementor-element elementor-element-f2df44f elementor-section-boxed elementor-section-height-default elementor-section-height-default\" data-id=\"f2df44f\" data-element_type=\"section\" data-settings=\"{&quot;background_background&quot;:&quot;classic&quot;}\">\n\t\t\t\t\t\t<div class=\"elementor-container elementor-column-gap-no\">\n\t\t\t\t\t<div class=\"elementor-column elementor-col-100 elementor-top-column elementor-element elementor-element-a7875cc\" data-id=\"a7875cc\" data-element_type=\"column\">\n\t\t\t<div class=\"elementor-widget-wrap elementor-element-populated\">\n\t\t\t\t\t\t<div class=\"elementor-element elementor-element-92321df elementor-widget elementor-widget-spacer\" data-id=\"92321df\" data-element_type=\"widget\" data-widget_type=\"spacer.default\">\n\t\t\t\t<div class=\"elementor-widget-container\">\n\t\t\t\t\t\t\t<div class=\"elementor-spacer\">\n\t\t\t<div class=\"elementor-spacer-inner\"><\/div>\n\t\t<\/div>\n\t\t\t\t\t\t<\/div>\n\t\t\t\t<\/div>\n\t\t\t\t\t<\/div>\n\t\t<\/div>\n\t\t\t\t\t<\/div>\n\t\t<\/section>\n\t\t\t\t<section class=\"elementor-section elementor-top-section elementor-element elementor-element-08ef404 elementor-section-boxed elementor-section-height-default elementor-section-height-default\" data-id=\"08ef404\" data-element_type=\"section\" data-settings=\"{&quot;background_background&quot;:&quot;classic&quot;}\">\n\t\t\t\t\t\t<div class=\"elementor-container elementor-column-gap-default\">\n\t\t\t\t\t<div class=\"elementor-column elementor-col-50 elementor-top-column elementor-element elementor-element-bad3706\" data-id=\"bad3706\" data-element_type=\"column\" data-settings=\"{&quot;background_background&quot;:&quot;classic&quot;}\">\n\t\t\t<div class=\"elementor-widget-wrap elementor-element-populated\">\n\t\t\t\t\t\t<div class=\"elementor-element elementor-element-76215ad elementor-widget elementor-widget-heading\" data-id=\"76215ad\" data-element_type=\"widget\" data-widget_type=\"heading.default\">\n\t\t\t\t<div class=\"elementor-widget-container\">\n\t\t\t\t\t<h2 class=\"elementor-heading-title elementor-size-default\">FULFILL YOUR DREAMS, REQUEST<br>\nOUR PROFESSIONAL ADVICE!<\/h2>\t\t\t\t<\/div>\n\t\t\t\t<\/div>\n\t\t\t\t<div class=\"elementor-element elementor-element-bd169b6 elementor-widget elementor-widget-text-editor\" data-id=\"bd169b6\" data-element_type=\"widget\" data-widget_type=\"text-editor.default\">\n\t\t\t\t<div class=\"elementor-widget-container\">\n\t\t\t\t\t\t\t\t\t<p><img decoding=\"async\" class=\"alignnone size-full wp-image-594\" src=\"https:\/\/bioquintas.com\/wp-content\/uploads\/2023\/02\/sds.png\" alt=\"\" width=\"217\" height=\"12\" \/><\/p><p>Ask about the multiple financing facilities and the advantages that our residential projects have.<\/p>\t\t\t\t\t\t\t\t<\/div>\n\t\t\t\t<\/div>\n\t\t\t\t\t<\/div>\n\t\t<\/div>\n\t\t\t\t<div class=\"elementor-column elementor-col-50 elementor-top-column elementor-element elementor-element-2113245\" data-id=\"2113245\" data-element_type=\"column\" data-settings=\"{&quot;background_background&quot;:&quot;classic&quot;}\">\n\t\t\t<div class=\"elementor-widget-wrap elementor-element-populated\">\n\t\t\t\t\t\t<div class=\"elementor-element elementor-element-68878ef elementor-widget elementor-widget-html\" data-id=\"68878ef\" data-element_type=\"widget\" data-widget_type=\"html.default\">\n\t\t\t\t<div class=\"elementor-widget-container\">\n\t\t\t\t\t<!-- Escala embed formeef4452f-7d1c-4f9c-a871-c66bef431709--><script id=\"escala-form-eef4452f-7d1c-4f9c-a871-c66bef431709-ran019812882168819235dom\" data-version=\"0.1.0\">window[\"escala-form-eef4452f-7d1c-4f9c-a871-c66bef431709-ran019812882168819235dom\"]={e:\"page\",f:\"eef4452f-7d1c-4f9c-a871-c66bef431709\",l:\"es\",r:\"ran019812882168819235dom\"};function escInitFormImpl(opts){(function(){var eventMethod=window.addEventListener?\"addEventListener\":\"attachEvent\";var eventer=window[eventMethod];var messageEvent=eventMethod===\"attachEvent\"?\"onmessage\":\"message\";eventer(messageEvent,function(e){if(e.data.origin===\"escalaForm\"){if(e.data.eventName===\"init\"&&e.data.height){const iframe=document.querySelector(\"[escala-element-form=\\\"escala-form-\"+e.data.instance+\"\\\"]\");if(iframe)iframe.height=e.data.height}else if(e.data.eventName===\"escala_lead\"){if(typeof fbq===\"function\"){if(e.data.leadData&&e.data.leadData.contact_email){fbq(\"track\",\"Lead\",{email:e.data.leadData.contact_email},{eventID:e.data.leadData.deduplicationId})}else{fbq(\"track\",\"Lead\",{},{eventID:e.data.leadData.deduplicationId})}}\r\n  if(typeof gtag===\"function\"){if(e.data.leadData&&e.data.leadData.contact_email){gtag(\"event\",\"generate_lead\",{\"event_category\":\"engagement\",\"event_label\":\"escala_lead\",\"email\":e.data.leadData.contact_email})}else{gtag(\"event\",\"generate_lead\",{\"event_category\":\"engagement\",\"event_label\":\"escala_lead\"})}}\r\n  if(typeof dataLayer!==\"undefined\"&&dataLayer.push&&typeof dataLayer.push===\"function\"){if(e.data.leadData&&e.data.leadData.contact_email){dataLayer.push({\"event\":\"escala_lead\",\"email\":e.data.leadData.contact_email})}else{dataLayer.push({\"event\":\"escala_lead\"})}}}}});var iframeId=\"escala-iframe-{f}-{l}-{r}\".replace(\"{f}\",opts.f).replace(\"{l}\",opts.l).replace(\"{r}\",opts.r);var iframeElem=document.getElementById(iframeId);if(iframeElem)iframeElem.remove();iframeElem=document.createElement(\"iframe\");var host=btoa(JSON.stringify({loc:location.href,title:encodeURIComponent(document.title),ref:document.referrer}));var instance=(opts.f+\"-\"+opts.r+\"-\"+(Math.random())).replace(\".\",\"-\");var params=\"form=\"+opts.f+\"&lang=\"+opts.l+\"&instance=\"+instance+\"&host=\"+host+\"&v=\"+(Math.random());try{var parent_location=window.location.toString();parent_params=parent_location.split('?');if(parent_params.length>1){params+='&'+parent_params[1]}}catch(e){}\r\n  iframeElem.setAttribute(\"src\",\"https:\/\/escalapages.com\/plugins\/forms\/embed.html?\"+params);var attrs=[\"marginwidth\",\"marginheight\",\"frameborder\",\"vspace\",\"hspace\"];for(var i=0;i<attrs.length;i++){iframeElem.setAttribute(attrs[i],\"0\")}\r\n  iframeElem.setAttribute(\"scrolling\",\"no\");iframeElem.width=\"100%\";iframeElem.setAttribute(\"escala-element-form\",\"escala-form-\"+instance);iframeElem.setAttribute(\"id\",iframeId);var scriptElem=document.getElementById(\"escala-form-\"+opts.f+\"-\"+opts.r);var body=document.getElementsByTagName(\"body\")[0];if(body.contains(scriptElem)){scriptElem.parentElement.appendChild(iframeElem)}else{body.appendChild(iframeElem)}}())}\r\nfunction escInitForm(){var opts=window[\"escala-form-eef4452f-7d1c-4f9c-a871-c66bef431709-ran019812882168819235dom\"];if(opts.e===\"elementor-popup\"){jQuery(document).ready(function(){jQuery(document).on(\"elementor\/popup\/show\",()=>{escInitFormImpl(opts)})})}else{escInitFormImpl(opts)}}\r\nif(window.addEventListener)\r\n  window.addEventListener(\"load\",escInitForm,!1);else if(window.attachEvent)\r\n  window.attachEvent(\"onload\",escInitForm);else window.onload=escInitForm;<\/script><!-- Escala embed formeef4452f-7d1c-4f9c-a871-c66bef431709-->\t\t\t\t<\/div>\n\t\t\t\t<\/div>\n\t\t\t\t\t<\/div>\n\t\t<\/div>\n\t\t\t\t\t<\/div>\n\t\t<\/section>\n\t\t\t\t<section class=\"elementor-section elementor-top-section elementor-element elementor-element-d2fc597 elementor-section-boxed elementor-section-height-default elementor-section-height-default\" data-id=\"d2fc597\" data-element_type=\"section\">\n\t\t\t\t\t\t<div class=\"elementor-container elementor-column-gap-default\">\n\t\t\t\t\t<div class=\"elementor-column elementor-col-100 elementor-top-column elementor-element elementor-element-2e5993d\" data-id=\"2e5993d\" data-element_type=\"column\">\n\t\t\t<div class=\"elementor-widget-wrap\">\n\t\t\t\t\t\t\t<\/div>\n\t\t<\/div>\n\t\t\t\t\t<\/div>\n\t\t<\/section>\n\t\t\t\t<\/div>","protected":false},"excerpt":{"rendered":"<p>Cont\u00e1ctenos \u00a1Agende su cita y conozca toda la informaci\u00f3n para realizar su mejor inversi\u00f3n e iniciar una nueva historia! \u00a1Cumpla sus sue\u00f1os solicitando nuestra asesor\u00eda profesional! Consulte por las m\u00faltiples facilidades de financiamiento y las ventajas con que cuentan nuestros proyectos residenciales Natural Hills y Real Bella Vista.<\/p>","protected":false},"author":1,"featured_media":0,"parent":0,"menu_order":0,"comment_status":"closed","ping_status":"closed","template":"","meta":{"site-sidebar-layout":"no-sidebar","site-content-layout":"page-builder","ast-global-header-display":"","ast-banner-title-visibility":"","ast-main-header-display":"","ast-hfb-above-header-display":"","ast-hfb-below-header-display":"","ast-hfb-mobile-header-display":"","site-post-title":"disabled","ast-breadcrumbs-content":"disabled","ast-featured-img":"disabled","footer-sml-layout":"","theme-transparent-header-meta":"enabled","adv-header-id-meta":"","stick-header-meta":"","header-above-stick-meta":"","header-main-stick-meta":"","header-below-stick-meta":"","footnotes":""},"class_list":["post-823","page","type-page","status-publish","hentry"],"yoast_head":"<!-- This site is optimized with the Yoast SEO plugin v25.2 - https:\/\/yoast.com\/wordpress\/plugins\/seo\/ -->\n<title>Cont\u00e1ctenos - BioQuintas<\/title>\n<meta name=\"robots\" content=\"index, follow, max-snippet:-1, max-image-preview:large, max-video-preview:-1\" \/>\n<link rel=\"canonical\" href=\"https:\/\/bioquintas.com\/en\/contactenos\/\" \/>\n<meta property=\"og:locale\" content=\"en_US\" \/>\n<meta property=\"og:type\" content=\"article\" \/>\n<meta property=\"og:title\" content=\"Cont\u00e1ctenos - BioQuintas\" \/>\n<meta property=\"og:description\" content=\"Cont\u00e1ctenos \u00a1Agende su cita y conozca toda la informaci\u00f3n para realizar su mejor inversi\u00f3n e iniciar una nueva historia! \u00a1Cumpla sus sue\u00f1os solicitando nuestra asesor\u00eda profesional! Consulte por las m\u00faltiples facilidades de financiamiento y las ventajas con que cuentan nuestros proyectos residenciales Natural Hills y Real Bella Vista.\" \/>\n<meta property=\"og:url\" content=\"https:\/\/bioquintas.com\/en\/contactenos\/\" \/>\n<meta property=\"og:site_name\" content=\"BioQuintas\" \/>\n<meta property=\"article:modified_time\" content=\"2025-04-23T21:47:42+00:00\" \/>\n<meta property=\"og:image\" content=\"https:\/\/bioquintas.com\/wp-content\/uploads\/2023\/02\/sds.png\" \/>\n<meta name=\"twitter:card\" content=\"summary_large_image\" \/>\n<meta name=\"twitter:label1\" content=\"Est. reading time\" \/>\n\t<meta name=\"twitter:data1\" content=\"5 minutes\" \/>\n<script type=\"application\/ld+json\" class=\"yoast-schema-graph\">{\"@context\":\"https:\/\/schema.org\",\"@graph\":[{\"@type\":\"WebPage\",\"@id\":\"https:\/\/bioquintas.com\/contactenos\/\",\"url\":\"https:\/\/bioquintas.com\/contactenos\/\",\"name\":\"Cont\u00e1ctenos - BioQuintas\",\"isPartOf\":{\"@id\":\"https:\/\/bioquintas.com\/#website\"},\"primaryImageOfPage\":{\"@id\":\"https:\/\/bioquintas.com\/contactenos\/#primaryimage\"},\"image\":{\"@id\":\"https:\/\/bioquintas.com\/contactenos\/#primaryimage\"},\"thumbnailUrl\":\"https:\/\/bioquintas.com\/wp-content\/uploads\/2023\/02\/sds.png\",\"datePublished\":\"2023-03-13T00:30:04+00:00\",\"dateModified\":\"2025-04-23T21:47:42+00:00\",\"breadcrumb\":{\"@id\":\"https:\/\/bioquintas.com\/contactenos\/#breadcrumb\"},\"inLanguage\":\"en-US\",\"potentialAction\":[{\"@type\":\"ReadAction\",\"target\":[\"https:\/\/bioquintas.com\/contactenos\/\"]}]},{\"@type\":\"ImageObject\",\"inLanguage\":\"en-US\",\"@id\":\"https:\/\/bioquintas.com\/contactenos\/#primaryimage\",\"url\":\"https:\/\/bioquintas.com\/wp-content\/uploads\/2023\/02\/sds.png\",\"contentUrl\":\"https:\/\/bioquintas.com\/wp-content\/uploads\/2023\/02\/sds.png\"},{\"@type\":\"BreadcrumbList\",\"@id\":\"https:\/\/bioquintas.com\/contactenos\/#breadcrumb\",\"itemListElement\":[{\"@type\":\"ListItem\",\"position\":1,\"name\":\"Inicio\",\"item\":\"https:\/\/bioquintas.com\/\"},{\"@type\":\"ListItem\",\"position\":2,\"name\":\"Cont\u00e1ctenos\"}]},{\"@type\":\"WebSite\",\"@id\":\"https:\/\/bioquintas.com\/#website\",\"url\":\"https:\/\/bioquintas.com\/\",\"name\":\"BioQuintas\",\"description\":\"Quintas y propiedades en San Ram&oacute;n.\",\"publisher\":{\"@id\":\"https:\/\/bioquintas.com\/#organization\"},\"potentialAction\":[{\"@type\":\"SearchAction\",\"target\":{\"@type\":\"EntryPoint\",\"urlTemplate\":\"https:\/\/bioquintas.com\/?s={search_term_string}\"},\"query-input\":{\"@type\":\"PropertyValueSpecification\",\"valueRequired\":true,\"valueName\":\"search_term_string\"}}],\"inLanguage\":\"en-US\"},{\"@type\":\"Organization\",\"@id\":\"https:\/\/bioquintas.com\/#organization\",\"name\":\"BioQuintas\",\"url\":\"https:\/\/bioquintas.com\/\",\"logo\":{\"@type\":\"ImageObject\",\"inLanguage\":\"en-US\",\"@id\":\"https:\/\/bioquintas.com\/#\/schema\/logo\/image\/\",\"url\":\"https:\/\/bioquintas.com\/wp-content\/uploads\/2023\/03\/cropped-LOGO-bioquintas-021.png\",\"contentUrl\":\"https:\/\/bioquintas.com\/wp-content\/uploads\/2023\/03\/cropped-LOGO-bioquintas-021.png\",\"width\":512,\"height\":512,\"caption\":\"BioQuintas\"},\"image\":{\"@id\":\"https:\/\/bioquintas.com\/#\/schema\/logo\/image\/\"},\"sameAs\":[\"https:\/\/www.instagram.com\/bioquintascr\/\"]}]}<\/script>\n<!-- \/ Yoast SEO plugin. -->","yoast_head_json":{"title":"Cont\u00e1ctenos - BioQuintas","robots":{"index":"index","follow":"follow","max-snippet":"max-snippet:-1","max-image-preview":"max-image-preview:large","max-video-preview":"max-video-preview:-1"},"canonical":"https:\/\/bioquintas.com\/en\/contactenos\/","og_locale":"en_US","og_type":"article","og_title":"Cont\u00e1ctenos - BioQuintas","og_description":"Cont\u00e1ctenos \u00a1Agende su cita y conozca toda la informaci\u00f3n para realizar su mejor inversi\u00f3n e iniciar una nueva historia! \u00a1Cumpla sus sue\u00f1os solicitando nuestra asesor\u00eda profesional! Consulte por las m\u00faltiples facilidades de financiamiento y las ventajas con que cuentan nuestros proyectos residenciales Natural Hills y Real Bella Vista.","og_url":"https:\/\/bioquintas.com\/en\/contactenos\/","og_site_name":"BioQuintas","article_modified_time":"2025-04-23T21:47:42+00:00","og_image":[{"url":"https:\/\/bioquintas.com\/wp-content\/uploads\/2023\/02\/sds.png","type":"","width":"","height":""}],"twitter_card":"summary_large_image","twitter_misc":{"Est. reading time":"5 minutes"},"schema":{"@context":"https:\/\/schema.org","@graph":[{"@type":"WebPage","@id":"https:\/\/bioquintas.com\/contactenos\/","url":"https:\/\/bioquintas.com\/contactenos\/","name":"Cont\u00e1ctenos - BioQuintas","isPartOf":{"@id":"https:\/\/bioquintas.com\/#website"},"primaryImageOfPage":{"@id":"https:\/\/bioquintas.com\/contactenos\/#primaryimage"},"image":{"@id":"https:\/\/bioquintas.com\/contactenos\/#primaryimage"},"thumbnailUrl":"https:\/\/bioquintas.com\/wp-content\/uploads\/2023\/02\/sds.png","datePublished":"2023-03-13T00:30:04+00:00","dateModified":"2025-04-23T21:47:42+00:00","breadcrumb":{"@id":"https:\/\/bioquintas.com\/contactenos\/#breadcrumb"},"inLanguage":"en-US","potentialAction":[{"@type":"ReadAction","target":["https:\/\/bioquintas.com\/contactenos\/"]}]},{"@type":"ImageObject","inLanguage":"en-US","@id":"https:\/\/bioquintas.com\/contactenos\/#primaryimage","url":"https:\/\/bioquintas.com\/wp-content\/uploads\/2023\/02\/sds.png","contentUrl":"https:\/\/bioquintas.com\/wp-content\/uploads\/2023\/02\/sds.png"},{"@type":"BreadcrumbList","@id":"https:\/\/bioquintas.com\/contactenos\/#breadcrumb","itemListElement":[{"@type":"ListItem","position":1,"name":"Inicio","item":"https:\/\/bioquintas.com\/"},{"@type":"ListItem","position":2,"name":"Cont\u00e1ctenos"}]},{"@type":"WebSite","@id":"https:\/\/bioquintas.com\/#website","url":"https:\/\/bioquintas.com\/","name":"BioQuintas","description":"Quintas y propiedades en San Ram&oacute;n.","publisher":{"@id":"https:\/\/bioquintas.com\/#organization"},"potentialAction":[{"@type":"SearchAction","target":{"@type":"EntryPoint","urlTemplate":"https:\/\/bioquintas.com\/?s={search_term_string}"},"query-input":{"@type":"PropertyValueSpecification","valueRequired":true,"valueName":"search_term_string"}}],"inLanguage":"en-US"},{"@type":"Organization","@id":"https:\/\/bioquintas.com\/#organization","name":"BioQuintas","url":"https:\/\/bioquintas.com\/","logo":{"@type":"ImageObject","inLanguage":"en-US","@id":"https:\/\/bioquintas.com\/#\/schema\/logo\/image\/","url":"https:\/\/bioquintas.com\/wp-content\/uploads\/2023\/03\/cropped-LOGO-bioquintas-021.png","contentUrl":"https:\/\/bioquintas.com\/wp-content\/uploads\/2023\/03\/cropped-LOGO-bioquintas-021.png","width":512,"height":512,"caption":"BioQuintas"},"image":{"@id":"https:\/\/bioquintas.com\/#\/schema\/logo\/image\/"},"sameAs":["https:\/\/www.instagram.com\/bioquintascr\/"]}]}},"_links":{"self":[{"href":"https:\/\/bioquintas.com\/en\/wp-json\/wp\/v2\/pages\/823","targetHints":{"allow":["GET"]}}],"collection":[{"href":"https:\/\/bioquintas.com\/en\/wp-json\/wp\/v2\/pages"}],"about":[{"href":"https:\/\/bioquintas.com\/en\/wp-json\/wp\/v2\/types\/page"}],"author":[{"embeddable":true,"href":"https:\/\/bioquintas.com\/en\/wp-json\/wp\/v2\/users\/1"}],"replies":[{"embeddable":true,"href":"https:\/\/bioquintas.com\/en\/wp-json\/wp\/v2\/comments?post=823"}],"version-history":[{"count":40,"href":"https:\/\/bioquintas.com\/en\/wp-json\/wp\/v2\/pages\/823\/revisions"}],"predecessor-version":[{"id":1652,"href":"https:\/\/bioquintas.com\/en\/wp-json\/wp\/v2\/pages\/823\/revisions\/1652"}],"wp:attachment":[{"href":"https:\/\/bioquintas.com\/en\/wp-json\/wp\/v2\/media?parent=823"}],"curies":[{"name":"wp","href":"https:\/\/api.w.org\/{rel}","templated":true}]}}